{"id":682,"date":"2023-08-02T11:40:25","date_gmt":"2023-08-02T09:40:25","guid":{"rendered":"https:\/\/gerardesteva.cat\/prensa\/"},"modified":"2023-08-11T12:07:17","modified_gmt":"2023-08-11T10:07:17","slug":"prensa","status":"publish","type":"page","link":"https:\/\/gerardesteva.cat\/es\/prensa\/","title":{"rendered":"Prensa"},"content":{"rendered":"\t\t<div data-elementor-type=\"wp-page\" data-elementor-id=\"682\" class=\"elementor elementor-682 elementor-79\" data-elementor-post-type=\"page\">\n\t\t\t\t\t\t<section class=\"elementor-section elementor-top-section elementor-element elementor-element-10709c78 elementor-section-full_width elementor-section-height-default elementor-section-height-default\" data-id=\"10709c78\" data-element_type=\"section\" data-e-type=\"section\">\n\t\t\t\t\t\t<div class=\"elementor-container elementor-column-gap-no\">\n\t\t\t\t\t<div class=\"elementor-column elementor-col-50 elementor-top-column elementor-element elementor-element-6272cff1\" data-id=\"6272cff1\" data-element_type=\"column\" data-e-type=\"column\">\n\t\t\t<div class=\"elementor-widget-wrap elementor-element-populated\">\n\t\t\t\t\t\t<div class=\"elementor-element elementor-element-79a5af7f elementor-widget elementor-widget-spacer\" data-id=\"79a5af7f\" data-element_type=\"widget\" data-e-type=\"widget\" data-widget_type=\"spacer.default\">\n\t\t\t\t<div class=\"elementor-widget-container\">\n\t\t\t\t\t\t\t<div class=\"elementor-spacer\">\n\t\t\t<div class=\"elementor-spacer-inner\"><\/div>\n\t\t<\/div>\n\t\t\t\t\t\t<\/div>\n\t\t\t\t<\/div>\n\t\t\t\t<div class=\"elementor-element elementor-element-2c4bbcec elementor-icon-list--layout-traditional elementor-list-item-link-full_width elementor-invisible elementor-widget elementor-widget-icon-list\" data-id=\"2c4bbcec\" data-element_type=\"widget\" data-e-type=\"widget\" data-settings=\"{&quot;_animation&quot;:&quot;fadeIn&quot;,&quot;_animation_delay&quot;:1200}\" data-widget_type=\"icon-list.default\">\n\t\t\t\t<div class=\"elementor-widget-container\">\n\t\t\t\t\t\t\t<ul class=\"elementor-icon-list-items\">\n\t\t\t\t\t\t\t<li class=\"elementor-icon-list-item\">\n\t\t\t\t\t\t\t\t\t\t<span class=\"elementor-icon-list-text\">PRENSA<\/span>\n\t\t\t\t\t\t\t\t\t<\/li>\n\t\t\t\t\t\t<\/ul>\n\t\t\t\t\t\t<\/div>\n\t\t\t\t<\/div>\n\t\t\t\t<div class=\"elementor-element elementor-element-753fdc49 elementor-hidden-tablet elementor-hidden-mobile elementor-widget elementor-widget-spacer\" data-id=\"753fdc49\" data-element_type=\"widget\" data-e-type=\"widget\" data-widget_type=\"spacer.default\">\n\t\t\t\t<div class=\"elementor-widget-container\">\n\t\t\t\t\t\t\t<div class=\"elementor-spacer\">\n\t\t\t<div class=\"elementor-spacer-inner\"><\/div>\n\t\t<\/div>\n\t\t\t\t\t\t<\/div>\n\t\t\t\t<\/div>\n\t\t\t\t<div class=\"elementor-element elementor-element-f7e0106 elementor-icon-list--layout-traditional elementor-list-item-link-full_width elementor-widget elementor-widget-icon-list\" data-id=\"f7e0106\" data-element_type=\"widget\" data-e-type=\"widget\" data-widget_type=\"icon-list.default\">\n\t\t\t\t<div class=\"elementor-widget-container\">\n\t\t\t\t\t\t\t<ul class=\"elementor-icon-list-items\">\n\t\t\t\t\t\t\t<li class=\"elementor-icon-list-item\">\n\t\t\t\t\t\t\t\t\t\t<span class=\"elementor-icon-list-text\">COMPITIENDO PARA SER TITULAR<\/span>\n\t\t\t\t\t\t\t\t\t<\/li>\n\t\t\t\t\t\t<\/ul>\n\t\t\t\t\t\t<\/div>\n\t\t\t\t<\/div>\n\t\t\t\t\t<\/div>\n\t\t<\/div>\n\t\t\t\t<div class=\"elementor-column elementor-col-50 elementor-top-column elementor-element elementor-element-52b7f85\" data-id=\"52b7f85\" data-element_type=\"column\" data-e-type=\"column\">\n\t\t\t<div class=\"elementor-widget-wrap elementor-element-populated\">\n\t\t\t\t\t\t<div class=\"elementor-element elementor-element-39cb76b0 elementor-widget elementor-widget-spacer\" data-id=\"39cb76b0\" data-element_type=\"widget\" data-e-type=\"widget\" data-widget_type=\"spacer.default\">\n\t\t\t\t<div class=\"elementor-widget-container\">\n\t\t\t\t\t\t\t<div class=\"elementor-spacer\">\n\t\t\t<div class=\"elementor-spacer-inner\"><\/div>\n\t\t<\/div>\n\t\t\t\t\t\t<\/div>\n\t\t\t\t<\/div>\n\t\t\t\t<div class=\"elementor-element elementor-element-28371730 elementor-invisible elementor-widget elementor-widget-text-editor\" data-id=\"28371730\" data-element_type=\"widget\" data-e-type=\"widget\" data-settings=\"{&quot;_animation&quot;:&quot;fadeIn&quot;,&quot;_animation_delay&quot;:400}\" data-widget_type=\"text-editor.default\">\n\t\t\t\t<div class=\"elementor-widget-container\">\n\t\t\t\t\t\t\t\t\t<p>La actividad institucional de la Uni\u00f3n de Federaciones tiene a menudo eco en la prensa de nuestro pa\u00eds e incluso en el \u00e1mbito nacional e internacional. Y es que la UFEC es la instituci\u00f3n referente del mundo del deporte federado en Catalu\u00f1a y est\u00e1 comprometida con todo el sector deportivo y la sociedad en general. Representa el deporte catal\u00e1n dentro y fuera de nuestro pa\u00eds, se encarga de crear debate y dar soluciones a los problemas propios del sector deportivo catal\u00e1n, de la gesti\u00f3n de la solidaridad entre las federaciones deportivas catalanas, adem\u00e1s de ser un \u00f3rgano asesor de la Generalidad de Catalu\u00f1a.<\/p>\n\t\t\t\t\t\t\t\t<\/div>\n\t\t\t\t<\/div>\n\t\t\t\t\t<\/div>\n\t\t<\/div>\n\t\t\t\t\t<\/div>\n\t\t<\/section>\n\t\t\t\t<section class=\"elementor-section elementor-top-section elementor-element elementor-element-11a1a483 elementor-section-boxed elementor-section-height-default elementor-section-height-default\" data-id=\"11a1a483\" data-element_type=\"section\" data-e-type=\"section\">\n\t\t\t\t\t\t<div class=\"elementor-container elementor-column-gap-default\">\n\t\t\t\t\t<div class=\"elementor-column elementor-col-100 elementor-top-column elementor-element elementor-element-176f03d5\" data-id=\"176f03d5\" data-element_type=\"column\" data-e-type=\"column\">\n\t\t\t<div class=\"elementor-widget-wrap elementor-element-populated\">\n\t\t\t\t\t\t<div class=\"elementor-element elementor-element-4bbf61e3 elementor-widget elementor-widget-spacer\" data-id=\"4bbf61e3\" data-element_type=\"widget\" data-e-type=\"widget\" data-widget_type=\"spacer.default\">\n\t\t\t\t<div class=\"elementor-widget-container\">\n\t\t\t\t\t\t\t<div class=\"elementor-spacer\">\n\t\t\t<div class=\"elementor-spacer-inner\"><\/div>\n\t\t<\/div>\n\t\t\t\t\t\t<\/div>\n\t\t\t\t<\/div>\n\t\t\t\t\t<\/div>\n\t\t<\/div>\n\t\t\t\t\t<\/div>\n\t\t<\/section>\n\t\t\t\t<section class=\"elementor-section elementor-top-section elementor-element elementor-element-61b4372 elementor-section-boxed elementor-section-height-default elementor-section-height-default\" data-id=\"61b4372\" data-element_type=\"section\" data-e-type=\"section\" data-settings=\"{&quot;background_background&quot;:&quot;classic&quot;}\">\n\t\t\t\t\t\t<div class=\"elementor-container elementor-column-gap-default\">\n\t\t\t\t\t<div class=\"elementor-column elementor-col-33 elementor-top-column elementor-element elementor-element-6c7caa1a\" data-id=\"6c7caa1a\" data-element_type=\"column\" data-e-type=\"column\">\n\t\t\t<div class=\"elementor-widget-wrap\">\n\t\t\t\t\t\t\t<\/div>\n\t\t<\/div>\n\t\t\t\t<div class=\"elementor-column elementor-col-33 elementor-top-column elementor-element elementor-element-4c33abc9\" data-id=\"4c33abc9\" data-element_type=\"column\" data-e-type=\"column\">\n\t\t\t<div class=\"elementor-widget-wrap elementor-element-populated\">\n\t\t\t\t\t\t<div class=\"elementor-element elementor-element-523b035f elementor-align-justify my-btn elementor-invisible elementor-widget elementor-widget-button\" data-id=\"523b035f\" data-element_type=\"widget\" data-e-type=\"widget\" data-settings=\"{&quot;_animation&quot;:&quot;fadeInUp&quot;,&quot;_animation_delay&quot;:500}\" data-widget_type=\"button.default\">\n\t\t\t\t<div class=\"elementor-widget-container\">\n\t\t\t\t\t\t\t\t\t<div class=\"elementor-button-wrapper\">\n\t\t\t\t\t<a class=\"elementor-button elementor-button-link elementor-size-sm\" href=\"https:\/\/gerardesteva.cat\/premsa\">\n\t\t\t\t\t\t<span class=\"elementor-button-content-wrapper\">\n\t\t\t\t\t\t\t\t\t<span class=\"elementor-button-text\">IR A PRENSA<\/span>\n\t\t\t\t\t<\/span>\n\t\t\t\t\t<\/a>\n\t\t\t\t<\/div>\n\t\t\t\t\t\t\t\t<\/div>\n\t\t\t\t<\/div>\n\t\t\t\t\t<\/div>\n\t\t<\/div>\n\t\t\t\t<div class=\"elementor-column elementor-col-33 elementor-top-column elementor-element elementor-element-57ce1b78\" data-id=\"57ce1b78\" data-element_type=\"column\" data-e-type=\"column\">\n\t\t\t<div class=\"elementor-widget-wrap\">\n\t\t\t\t\t\t\t<\/div>\n\t\t<\/div>\n\t\t\t\t\t<\/div>\n\t\t<\/section>\n\t\t\t\t<\/div>\n\t\t","protected":false},"excerpt":{"rendered":"<p>PRENSA COMPITIENDO PARA SER TITULAR La actividad institucional de la Uni\u00f3n de Federaciones tiene a menudo eco en la prensa de nuestro pa\u00eds e incluso en el \u00e1mbito nacional e internacional. Y es que la UFEC es la instituci\u00f3n referente del mundo del deporte federado en Catalu\u00f1a y est\u00e1 comprometida con todo el sector deportivo [&hellip;]<\/p>\n","protected":false},"author":1,"featured_media":0,"parent":0,"menu_order":0,"comment_status":"closed","ping_status":"closed","template":"elementor_header_footer","meta":{"footnotes":""},"class_list":["post-682","page","type-page","status-publish","hentry"],"yoast_head":"<!-- This site is optimized with the Yoast SEO plugin v27.5 - https:\/\/yoast.com\/product\/yoast-seo-wordpress\/ -->\n<title>GERARD ESTEVA. Compitiendo para ser titular en la prensa.<\/title>\n<meta name=\"description\" content=\"El eco en la prensa de nuestro pa\u00eds e incluso en el \u00e1mbito nacional e internacional desde la instituci\u00f3n referente del mundo del deporte catal\u00e1n.\" \/>\n<meta name=\"robots\" content=\"index, follow, max-snippet:-1, max-image-preview:large, max-video-preview:-1\" \/>\n<link rel=\"canonical\" href=\"https:\/\/gerardesteva.cat\/es\/prensa\/\" \/>\n<meta property=\"og:locale\" content=\"es_ES\" \/>\n<meta property=\"og:type\" content=\"article\" \/>\n<meta property=\"og:title\" content=\"GERARD ESTEVA. Compitiendo para ser titular en la prensa.\" \/>\n<meta property=\"og:description\" content=\"El eco en la prensa de nuestro pa\u00eds e incluso en el \u00e1mbito nacional e internacional desde la instituci\u00f3n referente del mundo del deporte catal\u00e1n.\" \/>\n<meta property=\"og:url\" content=\"https:\/\/gerardesteva.cat\/es\/prensa\/\" \/>\n<meta property=\"og:site_name\" content=\"Gerard Esteva\" \/>\n<meta property=\"article:modified_time\" content=\"2023-08-11T10:07:17+00:00\" \/>\n<meta name=\"twitter:card\" content=\"summary_large_image\" \/>\n<meta name=\"twitter:label1\" content=\"Tiempo de lectura\" \/>\n\t<meta name=\"twitter:data1\" content=\"1 minuto\" \/>\n<script type=\"application\/ld+json\" class=\"yoast-schema-graph\">{\"@context\":\"https:\\\/\\\/schema.org\",\"@graph\":[{\"@type\":\"WebPage\",\"@id\":\"https:\\\/\\\/gerardesteva.cat\\\/es\\\/prensa\\\/\",\"url\":\"https:\\\/\\\/gerardesteva.cat\\\/es\\\/prensa\\\/\",\"name\":\"GERARD ESTEVA. Compitiendo para ser titular en la prensa.\",\"isPartOf\":{\"@id\":\"https:\\\/\\\/gerardesteva.cat\\\/es\\\/#website\"},\"datePublished\":\"2023-08-02T09:40:25+00:00\",\"dateModified\":\"2023-08-11T10:07:17+00:00\",\"description\":\"El eco en la prensa de nuestro pa\u00eds e incluso en el \u00e1mbito nacional e internacional desde la instituci\u00f3n referente del mundo del deporte catal\u00e1n.\",\"breadcrumb\":{\"@id\":\"https:\\\/\\\/gerardesteva.cat\\\/es\\\/prensa\\\/#breadcrumb\"},\"inLanguage\":\"es\",\"potentialAction\":[{\"@type\":\"ReadAction\",\"target\":[\"https:\\\/\\\/gerardesteva.cat\\\/es\\\/prensa\\\/\"]}]},{\"@type\":\"BreadcrumbList\",\"@id\":\"https:\\\/\\\/gerardesteva.cat\\\/es\\\/prensa\\\/#breadcrumb\",\"itemListElement\":[{\"@type\":\"ListItem\",\"position\":1,\"name\":\"Inici\",\"item\":\"https:\\\/\\\/gerardesteva.cat\\\/es\\\/inicio\\\/\"},{\"@type\":\"ListItem\",\"position\":2,\"name\":\"Prensa\"}]},{\"@type\":\"WebSite\",\"@id\":\"https:\\\/\\\/gerardesteva.cat\\\/es\\\/#website\",\"url\":\"https:\\\/\\\/gerardesteva.cat\\\/es\\\/\",\"name\":\"Gerard Esteva\",\"description\":\"M\u00e9s enll\u00e0 de l&#039;esport\",\"potentialAction\":[{\"@type\":\"SearchAction\",\"target\":{\"@type\":\"EntryPoint\",\"urlTemplate\":\"https:\\\/\\\/gerardesteva.cat\\\/es\\\/?s={search_term_string}\"},\"query-input\":{\"@type\":\"PropertyValueSpecification\",\"valueRequired\":true,\"valueName\":\"search_term_string\"}}],\"inLanguage\":\"es\"}]}<\/script>\n<!-- \/ Yoast SEO plugin. -->","yoast_head_json":{"title":"GERARD ESTEVA. Compitiendo para ser titular en la prensa.","description":"El eco en la prensa de nuestro pa\u00eds e incluso en el \u00e1mbito nacional e internacional desde la instituci\u00f3n referente del mundo del deporte catal\u00e1n.","robots":{"index":"index","follow":"follow","max-snippet":"max-snippet:-1","max-image-preview":"max-image-preview:large","max-video-preview":"max-video-preview:-1"},"canonical":"https:\/\/gerardesteva.cat\/es\/prensa\/","og_locale":"es_ES","og_type":"article","og_title":"GERARD ESTEVA. Compitiendo para ser titular en la prensa.","og_description":"El eco en la prensa de nuestro pa\u00eds e incluso en el \u00e1mbito nacional e internacional desde la instituci\u00f3n referente del mundo del deporte catal\u00e1n.","og_url":"https:\/\/gerardesteva.cat\/es\/prensa\/","og_site_name":"Gerard Esteva","article_modified_time":"2023-08-11T10:07:17+00:00","twitter_card":"summary_large_image","twitter_misc":{"Tiempo de lectura":"1 minuto"},"schema":{"@context":"https:\/\/schema.org","@graph":[{"@type":"WebPage","@id":"https:\/\/gerardesteva.cat\/es\/prensa\/","url":"https:\/\/gerardesteva.cat\/es\/prensa\/","name":"GERARD ESTEVA. Compitiendo para ser titular en la prensa.","isPartOf":{"@id":"https:\/\/gerardesteva.cat\/es\/#website"},"datePublished":"2023-08-02T09:40:25+00:00","dateModified":"2023-08-11T10:07:17+00:00","description":"El eco en la prensa de nuestro pa\u00eds e incluso en el \u00e1mbito nacional e internacional desde la instituci\u00f3n referente del mundo del deporte catal\u00e1n.","breadcrumb":{"@id":"https:\/\/gerardesteva.cat\/es\/prensa\/#breadcrumb"},"inLanguage":"es","potentialAction":[{"@type":"ReadAction","target":["https:\/\/gerardesteva.cat\/es\/prensa\/"]}]},{"@type":"BreadcrumbList","@id":"https:\/\/gerardesteva.cat\/es\/prensa\/#breadcrumb","itemListElement":[{"@type":"ListItem","position":1,"name":"Inici","item":"https:\/\/gerardesteva.cat\/es\/inicio\/"},{"@type":"ListItem","position":2,"name":"Prensa"}]},{"@type":"WebSite","@id":"https:\/\/gerardesteva.cat\/es\/#website","url":"https:\/\/gerardesteva.cat\/es\/","name":"Gerard Esteva","description":"M\u00e9s enll\u00e0 de l&#039;esport","potentialAction":[{"@type":"SearchAction","target":{"@type":"EntryPoint","urlTemplate":"https:\/\/gerardesteva.cat\/es\/?s={search_term_string}"},"query-input":{"@type":"PropertyValueSpecification","valueRequired":true,"valueName":"search_term_string"}}],"inLanguage":"es"}]}},"_links":{"self":[{"href":"https:\/\/gerardesteva.cat\/es\/wp-json\/wp\/v2\/pages\/682","targetHints":{"allow":["GET"]}}],"collection":[{"href":"https:\/\/gerardesteva.cat\/es\/wp-json\/wp\/v2\/pages"}],"about":[{"href":"https:\/\/gerardesteva.cat\/es\/wp-json\/wp\/v2\/types\/page"}],"author":[{"embeddable":true,"href":"https:\/\/gerardesteva.cat\/es\/wp-json\/wp\/v2\/users\/1"}],"replies":[{"embeddable":true,"href":"https:\/\/gerardesteva.cat\/es\/wp-json\/wp\/v2\/comments?post=682"}],"version-history":[{"count":1,"href":"https:\/\/gerardesteva.cat\/es\/wp-json\/wp\/v2\/pages\/682\/revisions"}],"predecessor-version":[{"id":683,"href":"https:\/\/gerardesteva.cat\/es\/wp-json\/wp\/v2\/pages\/682\/revisions\/683"}],"wp:attachment":[{"href":"https:\/\/gerardesteva.cat\/es\/wp-json\/wp\/v2\/media?parent=682"}],"curies":[{"name":"wp","href":"https:\/\/api.w.org\/{rel}","templated":true}]}}